{"id":22,"date":"2016-12-08T11:31:32","date_gmt":"2016-12-08T10:31:32","guid":{"rendered":"http:\/\/www.fryzura.bialystok.pl\/?page_id=22"},"modified":"2016-12-20T07:34:10","modified_gmt":"2016-12-20T06:34:10","slug":"kontakt","status":"publish","type":"page","link":"http:\/\/www.fryzura.bialystok.pl\/index.php\/kontakt\/","title":{"rendered":"Kontakt"},"content":{"rendered":"<p>Sp\u00f3\u0142dzielnia Pracy Fryzjersko Kosmetyczna<br \/>\n15-437 Bia\u0142ystok, ul. Dr. I. Bia\u0142\u00f3wny 9\/1<\/p>\n<p>tel. 85 741 31 81<br \/>\ntel. 85 732 18 77<br \/>\nPa\u0144stwa sugestie i opinie prosimy kierowa\u0107 na adres e-mail: kontakt@fryzura.bialystok.pl<\/p>\n<p>Adresy i telefony naszych salon\u00f3w znajd\u0105 Pa\u0144stwo w zak\u0142adce<br \/>\n<strong>&#8222;Salony&#8221;<\/strong><\/p>\n","protected":false},"excerpt":{"rendered":"<p>Sp\u00f3\u0142dzielnia Pracy Fryzjersko Kosmetyczna 15-437 Bia\u0142ystok, ul. Dr. I. Bia\u0142\u00f3wny 9\/1 tel. 85 741 31 81 tel. 85 732 18 77 Pa\u0144stwa sugestie i opinie prosimy kierowa\u0107 na adres e-mail: kontakt@fryzura.bialystok.pl Adresy i telefony naszych salon\u00f3w znajd\u0105 Pa\u0144stwo w zak\u0142adce &#8222;Salony&#8221;<\/p>\n","protected":false},"author":1,"featured_media":0,"parent":0,"menu_order":0,"comment_status":"closed","ping_status":"closed","template":"","meta":{"footnotes":""},"class_list":["post-22","page","type-page","status-publish","hentry"],"_links":{"self":[{"href":"http:\/\/www.fryzura.bialystok.pl\/index.php\/wp-json\/wp\/v2\/pages\/22"}],"collection":[{"href":"http:\/\/www.fryzura.bialystok.pl\/index.php\/wp-json\/wp\/v2\/pages"}],"about":[{"href":"http:\/\/www.fryzura.bialystok.pl\/index.php\/wp-json\/wp\/v2\/types\/page"}],"author":[{"embeddable":true,"href":"http:\/\/www.fryzura.bialystok.pl\/index.php\/wp-json\/wp\/v2\/users\/1"}],"replies":[{"embeddable":true,"href":"http:\/\/www.fryzura.bialystok.pl\/index.php\/wp-json\/wp\/v2\/comments?post=22"}],"version-history":[{"count":3,"href":"http:\/\/www.fryzura.bialystok.pl\/index.php\/wp-json\/wp\/v2\/pages\/22\/revisions"}],"predecessor-version":[{"id":38,"href":"http:\/\/www.fryzura.bialystok.pl\/index.php\/wp-json\/wp\/v2\/pages\/22\/revisions\/38"}],"wp:attachment":[{"href":"http:\/\/www.fryzura.bialystok.pl\/index.php\/wp-json\/wp\/v2\/media?parent=22"}],"curies":[{"name":"wp","href":"https:\/\/api.w.org\/{rel}","templated":true}]}}