{"id":26,"date":"2016-12-08T11:41:07","date_gmt":"2016-12-08T10:41:07","guid":{"rendered":"http:\/\/www.fryzura.bialystok.pl\/?page_id=26"},"modified":"2016-12-21T10:03:10","modified_gmt":"2016-12-21T09:03:10","slug":"salony","status":"publish","type":"page","link":"http:\/\/www.fryzura.bialystok.pl\/index.php\/salony\/","title":{"rendered":"Salony"},"content":{"rendered":"<table border=\"0\" width=\"583\" cellspacing=\"8\" cellpadding=\"8\" align=\"center\">\n<tbody>\n<tr>\n<td valign=\"top\" width=\"305\"><img loading=\"lazy\" decoding=\"async\" src=\"\/wp-content\/themes\/hairstyle\/images\/14.jpg\" width=\"350\" height=\"262\" border=\"1\" \/><\/p>\n<p>&nbsp;<\/td>\n<td valign=\"top\" width=\"222\">\n<div align=\"center\">\n<p><span style=\"font-family: Arial,Helvetica,sans-serif; font-size: small;\"><strong>Salon Fryzjersko Kosmetyczny<\/strong><\/span><\/p>\n<p>Bia\u0142ystok ul. Malmeda 10<br \/>\n<strong>tel. 85 73 28 795<\/strong><\/p>\n<p><span style=\"font-family: Arial,Helvetica,sans-serif; font-size: small;\"><strong>Godziny otwarcia:<\/strong><\/span><\/p>\n<p><span style=\"font-family: Arial,Helvetica,sans-serif; font-size: small;\">Poniedzia\u0142ek &#8211; Pi\u0105tek: 7:00 &#8211; 19:00<br \/>\nSobota: 7:00 &#8211; 15:00<\/span><\/p>\n<\/div>\n<\/td>\n<\/tr>\n<tr>\n<td valign=\"top\"><img loading=\"lazy\" decoding=\"async\" src=\"\/wp-content\/themes\/hairstyle\/images\/j.jpg\" width=\"262\" height=\"350\" border=\"1\" \/><\/p>\n<p>&nbsp;<\/td>\n<td valign=\"top\">\n<div align=\"center\">\n<p>&nbsp;<\/p>\n<p>&nbsp;<\/p>\n<p><span style=\"font-family: Arial,Helvetica,sans-serif; font-size: small;\"><strong>Salon Fryzjersko Kosmetyczny<\/strong><\/span><\/p>\n<p>Bia\u0142ystok ul. Sienkiewicza 6<br \/>\n<strong>tel. 85 74 35 908<\/strong><\/p>\n<p><strong>Godziny otwarcia:<\/strong><\/p>\n<p><span style=\"font-family: Arial,Helvetica,sans-serif; font-size: small;\">Poniedzia\u0142ek &#8211; Pi\u0105tek: 7:00 &#8211; 19:00<br \/>\nSobota: 7:00 -15:00<\/span><\/p>\n<\/div>\n<\/td>\n<\/tr>\n<tr>\n<td valign=\"top\"><img loading=\"lazy\" decoding=\"async\" src=\"\/wp-content\/themes\/hairstyle\/images\/P7250053.jpg\" width=\"350\" height=\"262\" border=\"1\" \/><\/p>\n<p>&nbsp;<\/td>\n<td valign=\"top\">\n<div align=\"center\">\n<p><span style=\"font-family: Arial,Helvetica,sans-serif; font-size: small;\"><strong>Salon Fryzjersko Kosmetyczny<\/strong><\/span><\/p>\n<p>Bia\u0142ystok ul. Pa\u0142acowa 4<br \/>\n<strong>tel. 85 73 20 344<\/strong><\/p>\n<p><span style=\"font-family: Arial,Helvetica,sans-serif; font-size: small;\"><strong>Godziny otwarcia:<\/strong><\/span><\/p>\n<p><span style=\"font-family: Arial,Helvetica,sans-serif; font-size: small;\">Poniedzia\u0142ek &#8211; Pi\u0105tek: 7:00 &#8211; 19:00<br \/>\nSobota: 7:00 -15:00<\/span><\/p>\n<\/div>\n<\/td>\n<\/tr>\n<tr>\n<td valign=\"top\"><img loading=\"lazy\" decoding=\"async\" src=\"\/wp-content\/themes\/hairstyle\/images\/P7250152.jpg\" width=\"350\" height=\"263\" border=\"1\" \/><\/p>\n<p>&nbsp;<\/td>\n<td valign=\"top\">\n<div align=\"center\">\n<p><span style=\"font-family: Arial,Helvetica,sans-serif; font-size: small;\"><strong>Salon Fryzjersko Kosmetyczny<\/strong><\/span><\/p>\n<p>Bia\u0142ystok ul. Lipowa 37<br \/>\n<strong>tel. 85 74 23 074<\/strong><\/p>\n<p><span style=\"font-family: Arial,Helvetica,sans-serif; font-size: small;\"><strong>Godziny otwarcia:<\/strong><\/span><\/p>\n<p><span style=\"font-family: Arial,Helvetica,sans-serif; font-size: small;\">Poniedzia\u0142ek &#8211; Pi\u0105tek: 7:00 &#8211; 19:00<br \/>\nSobota: 7:00 -15:00<\/span><\/p>\n<\/div>\n<\/td>\n<\/tr>\n<\/tbody>\n<\/table>\n","protected":false},"excerpt":{"rendered":"<p>&nbsp; Salon Fryzjersko Kosmetyczny Bia\u0142ystok ul. Malmeda 10 tel. 85 73 28 795 Godziny otwarcia: Poniedzia\u0142ek &#8211; Pi\u0105tek: 7:00 &#8211; 19:00 Sobota: 7:00 &#8211; 15:00 &nbsp; &nbsp; &nbsp; Salon Fryzjersko Kosmetyczny Bia\u0142ystok ul. Sienkiewicza 6 tel. 85 74 35 908 Godziny otwarcia: Poniedzia\u0142ek &#8211; Pi\u0105tek: 7:00 &#8211; 19:00 Sobota: 7:00 -15:00 &nbsp; Salon Fryzjersko Kosmetyczny [&hellip;]<\/p>\n","protected":false},"author":1,"featured_media":0,"parent":0,"menu_order":0,"comment_status":"closed","ping_status":"closed","template":"","meta":{"footnotes":""},"class_list":["post-26","page","type-page","status-publish","hentry"],"_links":{"self":[{"href":"http:\/\/www.fryzura.bialystok.pl\/index.php\/wp-json\/wp\/v2\/pages\/26"}],"collection":[{"href":"http:\/\/www.fryzura.bialystok.pl\/index.php\/wp-json\/wp\/v2\/pages"}],"about":[{"href":"http:\/\/www.fryzura.bialystok.pl\/index.php\/wp-json\/wp\/v2\/types\/page"}],"author":[{"embeddable":true,"href":"http:\/\/www.fryzura.bialystok.pl\/index.php\/wp-json\/wp\/v2\/users\/1"}],"replies":[{"embeddable":true,"href":"http:\/\/www.fryzura.bialystok.pl\/index.php\/wp-json\/wp\/v2\/comments?post=26"}],"version-history":[{"count":8,"href":"http:\/\/www.fryzura.bialystok.pl\/index.php\/wp-json\/wp\/v2\/pages\/26\/revisions"}],"predecessor-version":[{"id":41,"href":"http:\/\/www.fryzura.bialystok.pl\/index.php\/wp-json\/wp\/v2\/pages\/26\/revisions\/41"}],"wp:attachment":[{"href":"http:\/\/www.fryzura.bialystok.pl\/index.php\/wp-json\/wp\/v2\/media?parent=26"}],"curies":[{"name":"wp","href":"https:\/\/api.w.org\/{rel}","templated":true}]}}